{"id":264,"date":"2023-09-13T08:15:49","date_gmt":"2023-09-13T06:15:49","guid":{"rendered":"https:\/\/finca.jumpit.eu\/finca-service-24-mallorca\/"},"modified":"2025-09-22T12:59:37","modified_gmt":"2025-09-22T10:59:37","slug":"finca-service-24-mallorca","status":"publish","type":"page","link":"https:\/\/finca-service24.com\/es\/","title":{"rendered":"Finca Service 24 Mallorca"},"content":{"rendered":"<p>[et_pb_section fb_built=\u00bb1&#8243; _builder_version=\u00bb4.27.4&#8243; _module_preset=\u00bbdefault\u00bb background_image=\u00bbhttps:\/\/finca-service24.com\/wp-content\/uploads\/2025\/04\/Headline_2.png\u00bb width=\u00bb100%\u00bb height=\u00bb400px\u00bb height_tablet=\u00bb500px\u00bb height_phone=\u00bb250px\u00bb height_last_edited=\u00bbon|phone\u00bb background_last_edited=\u00bbon|desktop\u00bb global_colors_info=\u00bb{}\u00bb][\/et_pb_section][et_pb_section fb_built=\u00bb1&#8243; _builder_version=\u00bb4.27.4&#8243; _module_preset=\u00bbdefault\u00bb background_color=\u00bbrgba(92,114,104,0.31)\u00bb box_shadow_style=\u00bbpreset3&#8243; global_colors_info=\u00bb{}\u00bb][et_pb_row column_structure=\u00bb1_2,1_2&#8243; _builder_version=\u00bb4.22.1&#8243; _module_preset=\u00bbdefault\u00bb global_colors_info=\u00bb{}\u00bb][et_pb_column type=\u00bb1_2&#8243; _builder_version=\u00bb4.22.1&#8243; _module_preset=\u00bbdefault\u00bb global_colors_info=\u00bb{}\u00bb][et_pb_text _builder_version=\u00bb4.27.4&#8243; _module_preset=\u00bbdefault\u00bb hover_enabled=\u00bb0&#8243; global_colors_info=\u00bb{}\u00bb sticky_enabled=\u00bb0&#8243;]<\/p>\n<h1 class=\"wp-block-heading\" id=\"uber-uns-2\">Finca Service 24<\/h1>\n<h3>Gesti\u00f3n inmobiliaria profesional en la costa este de Mallorca<\/h3>\n<p class=\"p1\">Tu servicio integral para fincas, casas y pisos en Mallorca.<br \/>Cuidamos tu propiedad con el m\u00e1ximo esmero, experiencia y un alto nivel de compromiso personal.<\/p>\n<p class=\"p1\">Ya se trate de inspecciones peri\u00f3dicas de la propiedad, cuidado del jard\u00edn, limpieza, mantenimiento o coordinaci\u00f3n de gremios, nos ocupamos de todos los asuntos relacionados con tu propiedad de forma fiable y discreta.<\/p>\n<p class=\"p1\">Como tu contacto local de confianza, somos sin\u00f3nimo de:<\/p>\n<p class=\"p1\">&#8211; <span class=\"s1\">Fiabilidad<\/span> y transparencia<br \/>&#8211; Asistencia personalizada<br \/><span class=\"s1\">&#8211;<\/span> Tiempos de respuesta r\u00e1pidos y soluciones flexibles<\/p>\n<p class=\"p1\">Conf\u00eda en nosotros, para que disfrutes de tu estancia en Mallorca sin preocupaciones.<\/p>\n<div class=\"wp-block-buttons is-layout-flex\"><\/div>\n<p>[\/et_pb_text][et_pb_button button_url=\u00bbhttps:\/\/finca-service24.com\/es\/contacta-con-nosotros\/\u00bb button_text=\u00bbContacta con nosotros\u00bb _builder_version=\u00bb4.27.4&#8243; _module_preset=\u00bbdefault\u00bb custom_button=\u00bbon\u00bb button_text_color=\u00bb#FFFFFF\u00bb button_bg_color=\u00bb#5C7268&#8243; button_border_radius=\u00bb10px\u00bb button_font=\u00bbArial||||||||\u00bb button_use_icon=\u00bboff\u00bb global_colors_info=\u00bb{}\u00bb][\/et_pb_button][\/et_pb_column][et_pb_column type=\u00bb1_2&#8243; _builder_version=\u00bb4.22.1&#8243; _module_preset=\u00bbdefault\u00bb global_colors_info=\u00bb{}\u00bb][et_pb_image src=\u00bbhttps:\/\/finca-service24.com\/wp-content\/uploads\/2025\/04\/Home1.png\u00bb alt=\u00bbFincaservice Mallorca\u00bb title_text=\u00bbInicio1&#8243; align=\u00bbright\u00bb _builder_version=\u00bb4.27.4&#8243; _module_preset=\u00bbdefault\u00bb border_radii=\u00bbon|20px|20px|20px|20px\u00bb box_shadow_style=\u00bbpreset1&#8243; global_colors_info=\u00bb{}\u00bb][\/et_pb_image][\/et_pb_column][\/et_pb_row][\/et_pb_section][et_pb_section fb_built=\u00bb1&#8243; custom_padding_last_edited=\u00bbon|phone\u00bb _builder_version=\u00bb4.27.4&#8243; _module_preset=\u00bbdefault\u00bb background_color=\u00bb#FFFFFF\u00bb custom_margin=\u00bb||0px||false|false\u00bb custom_padding=\u00bb||0px||false|false\u00bb custom_padding_tablet=\u00bb||0px||false|false\u00bb custom_padding_phone=\u00bb0px||0px||false|false\u00bb box_shadow_style=\u00bbpreset3&#8243; global_colors_info=\u00bb{}\u00bb][et_pb_row column_structure=\u00bb3_5,2_5&#8243; _builder_version=\u00bb4.22.1&#8243; _module_preset=\u00bbdefault\u00bb global_colors_info=\u00bb{}\u00bb][et_pb_column type=\u00bb3_5&#8243; _builder_version=\u00bb4.22.1&#8243; _module_preset=\u00bbdefault\u00bb global_colors_info=\u00bb{}\u00bb][et_pb_text _builder_version=\u00bb4.27.4&#8243; _module_preset=\u00bbdefault\u00bb global_colors_info=\u00bb{}\u00bb]<\/p>\n<h4 data-start=\"174\" data-end=\"255\"><strong data-start=\"178\" data-end=\"255\">Administraci\u00f3n de fincas en Mallorca &#8211; personal, fiable, profesional<\/strong><\/h4>\n<p class=\"\" data-start=\"257\" data-end=\"491\">Ya sea una finca, una casa de vacaciones o un piso, una propiedad en Mallorca merece un servicio en el que puedas confiar plenamente.<\/p>\n<p class=\"\" data-start=\"493\" data-end=\"545\"><strong data-start=\"493\" data-end=\"545\">Nuestro servicio integral para tu propiedad incluye<\/strong><\/p>\n<ul data-start=\"547\" data-end=\"874\">\n<li class=\"\" data-start=\"547\" data-end=\"627\">\n<p class=\"\" data-start=\"549\" data-end=\"627\"><strong data-start=\"549\" data-end=\"581\">Inspecciones peri\u00f3dicas de la propiedad<\/strong>, por dentro y por fuera, con protocolo si es necesario<\/p>\n<\/li>\n<li class=\"\" data-start=\"628\" data-end=\"681\">\n<p class=\"\" data-start=\"630\" data-end=\"681\"><strong data-start=\"630\" data-end=\"679\">Coordinaci\u00f3n de comerciantes y proveedores de servicios<\/strong><\/p>\n<\/li>\n<li class=\"\" data-start=\"682\" data-end=\"750\">\n<p class=\"\" data-start=\"684\" data-end=\"750\"><strong data-start=\"684\" data-end=\"706\">Limpieza y cuidado<\/strong><\/p>\n<\/li>\n<li class=\"\" data-start=\"751\" data-end=\"781\">\n<p class=\"\" data-start=\"753\" data-end=\"781\"><strong data-start=\"753\" data-end=\"779\">Mantenimiento de jardines y piscinas<\/strong><\/p>\n<\/li>\n<li class=\"\" data-start=\"782\" data-end=\"821\"><strong data-start=\"824\" data-end=\"874\">Servicio de ventilaci\u00f3n y mucho m\u00e1s.<\/strong><\/li>\n<\/ul>\n<p class=\"\" data-start=\"876\" data-end=\"1095\">Te ofrecemos <strong data-start=\"897\" data-end=\"927\">un apoyo personalizado<\/strong>, adaptado individualmente a tu propiedad y a tus deseos. Ya sea durante todo el a\u00f1o o por temporadas, estamos a tu lado con experiencia, discreci\u00f3n y compromiso personal. <\/p>\n<p class=\"\" data-start=\"1097\" data-end=\"1186\">Deja que nos ocupemos de todo, para que tu estancia en Mallorca empiece relajadamente.<\/p>\n<div class=\"wp-block-buttons is-layout-flex\"><\/div>\n<p>[\/et_pb_text][\/et_pb_column][et_pb_column type=\u00bb2_5&#8243; _builder_version=\u00bb4.22.1&#8243; _module_preset=\u00bbdefault\u00bb global_colors_info=\u00bb{}\u00bb][\/et_pb_column][\/et_pb_row][\/et_pb_section][et_pb_section fb_built=\u00bb1&#8243; _builder_version=\u00bb4.27.4&#8243; _module_preset=\u00bbdefault\u00bb background_image=\u00bbhttps:\/\/finca-service24.com\/wp-content\/uploads\/2023\/09\/thumb_11303_default_big.jpg\u00bb min_height=\u00bb300px\u00bb min_height_tablet=\u00bb300px\u00bb min_height_phone=\u00bb100px\u00bb min_height_last_edited=\u00bbon|phone\u00bb global_colors_info=\u00bb{}\u00bb][\/et_pb_section]<\/p>\n","protected":false},"excerpt":{"rendered":"<p>Finca Service 24 Gesti\u00f3n inmobiliaria profesional en la costa este de Mallorca Tu servicio integral para fincas, casas y pisos en Mallorca.Cuidamos tu propiedad con el m\u00e1ximo esmero, experiencia y un alto nivel de compromiso personal. Ya se trate de inspecciones peri\u00f3dicas de la propiedad, cuidado del jard\u00edn, limpieza, mantenimiento o coordinaci\u00f3n de gremios, nos [&hellip;]<\/p>\n","protected":false},"author":1,"featured_media":0,"parent":0,"menu_order":0,"comment_status":"closed","ping_status":"closed","template":"","meta":{"_et_pb_use_builder":"on","_et_pb_old_content":"","_et_gb_content_width":"","footnotes":""},"class_list":["post-264","page","type-page","status-publish","hentry"],"yoast_head":"<!-- This site is optimized with the Yoast SEO plugin v27.0 - https:\/\/yoast.com\/product\/yoast-seo-wordpress\/ -->\n<title>Finca Service 24 Mallorca - Finca Service 24<\/title>\n<meta name=\"robots\" content=\"index, follow, max-snippet:-1, max-image-preview:large, max-video-preview:-1\" \/>\n<link rel=\"canonical\" href=\"https:\/\/finca-service24.com\/es\/\" \/>\n<meta property=\"og:locale\" content=\"es_ES\" \/>\n<meta property=\"og:type\" content=\"article\" \/>\n<meta property=\"og:title\" content=\"Finca Service 24 Mallorca - Finca Service 24\" \/>\n<meta property=\"og:description\" content=\"Finca Service 24 Gesti\u00f3n inmobiliaria profesional en la costa este de Mallorca Tu servicio integral para fincas, casas y pisos en Mallorca.Cuidamos tu propiedad con el m\u00e1ximo esmero, experiencia y un alto nivel de compromiso personal. Ya se trate de inspecciones peri\u00f3dicas de la propiedad, cuidado del jard\u00edn, limpieza, mantenimiento o coordinaci\u00f3n de gremios, nos [&hellip;]\" \/>\n<meta property=\"og:url\" content=\"https:\/\/finca-service24.com\/es\/\" \/>\n<meta property=\"og:site_name\" content=\"Finca Service 24\" \/>\n<meta property=\"article:modified_time\" content=\"2025-09-22T10:59:37+00:00\" \/>\n<meta name=\"twitter:card\" content=\"summary_large_image\" \/>\n<meta name=\"twitter:label1\" content=\"Tiempo de lectura\" \/>\n\t<meta name=\"twitter:data1\" content=\"3 minutos\" \/>\n<script type=\"application\/ld+json\" class=\"yoast-schema-graph\">{\"@context\":\"https:\/\/schema.org\",\"@graph\":[{\"@type\":\"WebPage\",\"@id\":\"https:\/\/finca-service24.com\/es\/\",\"url\":\"https:\/\/finca-service24.com\/es\/\",\"name\":\"Finca Service 24 Mallorca - Finca Service 24\",\"isPartOf\":{\"@id\":\"https:\/\/finca-service24.com\/es\/#website\"},\"datePublished\":\"2023-09-13T06:15:49+00:00\",\"dateModified\":\"2025-09-22T10:59:37+00:00\",\"breadcrumb\":{\"@id\":\"https:\/\/finca-service24.com\/es\/#breadcrumb\"},\"inLanguage\":\"es\",\"potentialAction\":[{\"@type\":\"ReadAction\",\"target\":[\"https:\/\/finca-service24.com\/es\/\"]}]},{\"@type\":\"BreadcrumbList\",\"@id\":\"https:\/\/finca-service24.com\/es\/#breadcrumb\",\"itemListElement\":[{\"@type\":\"ListItem\",\"position\":1,\"name\":\"Startseite\",\"item\":\"https:\/\/finca-service24.com\/es\/finca-service-24-mallorca\/\"},{\"@type\":\"ListItem\",\"position\":2,\"name\":\"Finca Service 24 Mallorca\"}]},{\"@type\":\"WebSite\",\"@id\":\"https:\/\/finca-service24.com\/es\/#website\",\"url\":\"https:\/\/finca-service24.com\/es\/\",\"name\":\"Finca Service 24\",\"description\":\"Mallorca Finca Service\",\"potentialAction\":[{\"@type\":\"SearchAction\",\"target\":{\"@type\":\"EntryPoint\",\"urlTemplate\":\"https:\/\/finca-service24.com\/es\/?s={search_term_string}\"},\"query-input\":{\"@type\":\"PropertyValueSpecification\",\"valueRequired\":true,\"valueName\":\"search_term_string\"}}],\"inLanguage\":\"es\"}]}<\/script>\n<!-- \/ Yoast SEO plugin. -->","yoast_head_json":{"title":"Finca Service 24 Mallorca - Finca Service 24","robots":{"index":"index","follow":"follow","max-snippet":"max-snippet:-1","max-image-preview":"max-image-preview:large","max-video-preview":"max-video-preview:-1"},"canonical":"https:\/\/finca-service24.com\/es\/","og_locale":"es_ES","og_type":"article","og_title":"Finca Service 24 Mallorca - Finca Service 24","og_description":"Finca Service 24 Gesti\u00f3n inmobiliaria profesional en la costa este de Mallorca Tu servicio integral para fincas, casas y pisos en Mallorca.Cuidamos tu propiedad con el m\u00e1ximo esmero, experiencia y un alto nivel de compromiso personal. Ya se trate de inspecciones peri\u00f3dicas de la propiedad, cuidado del jard\u00edn, limpieza, mantenimiento o coordinaci\u00f3n de gremios, nos [&hellip;]","og_url":"https:\/\/finca-service24.com\/es\/","og_site_name":"Finca Service 24","article_modified_time":"2025-09-22T10:59:37+00:00","twitter_card":"summary_large_image","twitter_misc":{"Tiempo de lectura":"3 minutos"},"schema":{"@context":"https:\/\/schema.org","@graph":[{"@type":"WebPage","@id":"https:\/\/finca-service24.com\/es\/","url":"https:\/\/finca-service24.com\/es\/","name":"Finca Service 24 Mallorca - Finca Service 24","isPartOf":{"@id":"https:\/\/finca-service24.com\/es\/#website"},"datePublished":"2023-09-13T06:15:49+00:00","dateModified":"2025-09-22T10:59:37+00:00","breadcrumb":{"@id":"https:\/\/finca-service24.com\/es\/#breadcrumb"},"inLanguage":"es","potentialAction":[{"@type":"ReadAction","target":["https:\/\/finca-service24.com\/es\/"]}]},{"@type":"BreadcrumbList","@id":"https:\/\/finca-service24.com\/es\/#breadcrumb","itemListElement":[{"@type":"ListItem","position":1,"name":"Startseite","item":"https:\/\/finca-service24.com\/es\/finca-service-24-mallorca\/"},{"@type":"ListItem","position":2,"name":"Finca Service 24 Mallorca"}]},{"@type":"WebSite","@id":"https:\/\/finca-service24.com\/es\/#website","url":"https:\/\/finca-service24.com\/es\/","name":"Finca Service 24","description":"Mallorca Finca Service","potentialAction":[{"@type":"SearchAction","target":{"@type":"EntryPoint","urlTemplate":"https:\/\/finca-service24.com\/es\/?s={search_term_string}"},"query-input":{"@type":"PropertyValueSpecification","valueRequired":true,"valueName":"search_term_string"}}],"inLanguage":"es"}]}},"_links":{"self":[{"href":"https:\/\/finca-service24.com\/es\/wp-json\/wp\/v2\/pages\/264","targetHints":{"allow":["GET"]}}],"collection":[{"href":"https:\/\/finca-service24.com\/es\/wp-json\/wp\/v2\/pages"}],"about":[{"href":"https:\/\/finca-service24.com\/es\/wp-json\/wp\/v2\/types\/page"}],"author":[{"embeddable":true,"href":"https:\/\/finca-service24.com\/es\/wp-json\/wp\/v2\/users\/1"}],"replies":[{"embeddable":true,"href":"https:\/\/finca-service24.com\/es\/wp-json\/wp\/v2\/comments?post=264"}],"version-history":[{"count":28,"href":"https:\/\/finca-service24.com\/es\/wp-json\/wp\/v2\/pages\/264\/revisions"}],"predecessor-version":[{"id":1323,"href":"https:\/\/finca-service24.com\/es\/wp-json\/wp\/v2\/pages\/264\/revisions\/1323"}],"wp:attachment":[{"href":"https:\/\/finca-service24.com\/es\/wp-json\/wp\/v2\/media?parent=264"}],"curies":[{"name":"wp","href":"https:\/\/api.w.org\/{rel}","templated":true}]}}