{"id":929,"date":"2025-04-13T14:55:51","date_gmt":"2025-04-13T12:55:51","guid":{"rendered":"https:\/\/finca-service24.com\/servicios\/"},"modified":"2025-09-25T14:17:06","modified_gmt":"2025-09-25T12:17:06","slug":"servicios","status":"publish","type":"page","link":"https:\/\/finca-service24.com\/es\/servicios\/","title":{"rendered":"Servicios"},"content":{"rendered":"<p>[et_pb_section fb_built=\u00bb1&#8243; _builder_version=\u00bb4.27.4&#8243; _module_preset=\u00bbdefault\u00bb background_image=\u00bbhttps:\/\/finca-service24.com\/wp-content\/uploads\/2025\/04\/Headline_2.png\u00bb height=\u00bb400px\u00bb height_tablet=\u00bb440px\u00bb height_phone=\u00bb250px\u00bb height_last_edited=\u00bbon|phone\u00bb max_height=\u00bb1000px\u00bb global_colors_info=\u00bb{}\u00bb][et_pb_row column_structure=\u00bb1_2,1_2&#8243; _builder_version=\u00bb4.27.4&#8243; _module_preset=\u00bbdefault\u00bb global_colors_info=\u00bb{}\u00bb][et_pb_column type=\u00bb1_2&#8243; _builder_version=\u00bb4.27.4&#8243; _module_preset=\u00bbdefault\u00bb global_colors_info=\u00bb{}\u00bb][et_pb_text _builder_version=\u00bb4.27.4&#8243; _module_preset=\u00bbdefault\u00bb text_font=\u00bb|700|||||||\u00bb text_text_color=\u00bb#FFFFFF\u00bb text_font_size=\u00bb27px\u00bb background_color=\u00bb#5C7268&#8243; custom_margin=\u00bb293px|100px||0px|false|false\u00bb custom_margin_tablet=\u00bb333px|160px||160px|false|false\u00bb custom_margin_phone=\u00bb145px|85px||52px|false|false\u00bb custom_margin_last_edited=\u00bbon|tablet\u00bb custom_padding=\u00bb13px||12px||false|false\u00bb text_font_size_tablet=\u00bb27px\u00bb text_font_size_phone=\u00bb17px\u00bb text_font_size_last_edited=\u00bbon|phone\u00bb border_radii=\u00bbon|10px|10px|10px|10px\u00bb global_colors_info=\u00bb{}\u00bb]<\/p>\n<p style=\"text-align: center;\">NUESTRO SERVICIO<\/p>\n<p>[\/et_pb_text][\/et_pb_column][et_pb_column type=\u00bb1_2&#8243; _builder_version=\u00bb4.27.4&#8243; _module_preset=\u00bbdefault\u00bb global_colors_info=\u00bb{}\u00bb][\/et_pb_column][\/et_pb_row][\/et_pb_section][et_pb_section fb_built=\u00bb1&#8243; _builder_version=\u00bb4.22.1&#8243; _module_preset=\u00bbdefault\u00bb global_colors_info=\u00bb{}\u00bb][et_pb_row column_structure=\u00bb3_5,2_5&#8243; _builder_version=\u00bb4.27.4&#8243; _module_preset=\u00bbdefault\u00bb custom_margin_tablet=\u00bb\u00bb custom_margin_phone=\u00bb||-38px||false|false\u00bb custom_margin_last_edited=\u00bbon|phone\u00bb global_colors_info=\u00bb{}\u00bb][et_pb_column type=\u00bb3_5&#8243; _builder_version=\u00bb4.22.1&#8243; _module_preset=\u00bbdefault\u00bb global_colors_info=\u00bb{}\u00bb][et_pb_text _builder_version=\u00bb4.27.4&#8243; _module_preset=\u00bbdefault\u00bb global_colors_info=\u00bb{}\u00bb]<\/p>\n<h3 data-start=\"133\" data-end=\"216\" class=\"\"><strong data-start=\"137\" data-end=\"216\">Cuidado y mantenimiento de piscinas<\/strong><\/h3>\n<p data-start=\"218\" data-end=\"443\" class=\"\">Una piscina bien cuidada es la pieza central de muchas propiedades en Mallorca, y merece un cuidado profesional regular. Nos aseguramos de que tu piscina no s\u00f3lo tenga buen aspecto, sino que tambi\u00e9n funcione perfectamente desde el punto de vista t\u00e9cnico. <\/p>\n<p data-start=\"445\" data-end=\"471\" class=\"\"><strong data-start=\"445\" data-end=\"471\">Nuestro servicio incluye:<\/strong><\/p>\n<ul data-start=\"473\" data-end=\"837\">\n<li data-start=\"473\" data-end=\"533\" class=\"\">\n<p data-start=\"475\" data-end=\"533\" class=\"\"><strong data-start=\"475\" data-end=\"504\">Limpieza regular de la piscina<\/strong> <\/p>\n<\/li>\n<li data-start=\"534\" data-end=\"585\" class=\"\">\n<p data-start=\"536\" data-end=\"585\" class=\"\"><strong data-start=\"536\" data-end=\"583\">An\u00e1lisis del agua y equilibrio qu\u00edmico<\/strong><\/p>\n<\/li>\n<li data-start=\"586\" data-end=\"659\" class=\"\">\n<p data-start=\"588\" data-end=\"659\" class=\"\"><strong data-start=\"588\" data-end=\"627\">Comprueba la tecnolog\u00eda<\/strong> (bomba, filtro, skimmer, etc.)<\/p>\n<\/li>\n<li data-start=\"660\" data-end=\"725\" class=\"\">\n<p data-start=\"662\" data-end=\"725\" class=\"\"><strong data-start=\"662\" data-end=\"723\">Limpieza de aliviaderos, bordillos y tapas<\/strong><\/p>\n<\/li>\n<li data-start=\"776\" data-end=\"837\" class=\"\">\n<p data-start=\"778\" data-end=\"837\" class=\"\"><strong data-start=\"778\" data-end=\"837\">Ayuda r\u00e1pida con problemas o fallos t\u00e9cnicos<\/strong><\/p>\n<\/li>\n<\/ul>\n<p data-start=\"839\" data-end=\"1050\" class=\"\">\n<p data-start=\"1052\" data-end=\"1110\" class=\"\">[\/et_pb_text][\/et_pb_column][et_pb_column type=\u00bb2_5&#8243; _builder_version=\u00bb4.22.1&#8243; _module_preset=\u00bbdefault\u00bb global_colors_info=\u00bb{}\u00bb][et_pb_image src=\u00bbhttps:\/\/finca-service24.com\/wp-content\/uploads\/2025\/04\/Poolreinigung.png\u00bb title_text=\u00bbLimpieza de piscinas\u00bb disabled_on=\u00bboff|off|off\u00bb _builder_version=\u00bb4.27.4&#8243; _module_preset=\u00bbdefault\u00bb custom_margin=\u00bb0px||||false|false\u00bb global_colors_info=\u00bb{}\u00bb][\/et_pb_image][\/et_pb_column][\/et_pb_row][et_pb_row _builder_version=\u00bb4.27.4&#8243; _module_preset=\u00bbdefault\u00bb global_colors_info=\u00bb{}\u00bb][et_pb_column type=\u00bb4_4&#8243; _builder_version=\u00bb4.27.4&#8243; _module_preset=\u00bbdefault\u00bb global_colors_info=\u00bb{}\u00bb][et_pb_divider _builder_version=\u00bb4.27.4&#8243; _module_preset=\u00bbdefault\u00bb global_colors_info=\u00bb{}\u00bb][\/et_pb_divider][\/et_pb_column][\/et_pb_row][\/et_pb_section][et_pb_section fb_built=\u00bb1&#8243; _builder_version=\u00bb4.27.4&#8243; _module_preset=\u00bbdefault\u00bb custom_margin=\u00bb-50px||||false|false\u00bb custom_margin_tablet=\u00bb-50px||||false|false\u00bb custom_margin_phone=\u00bb-50px||||false|false\u00bb custom_margin_last_edited=\u00bbon|desktop\u00bb global_colors_info=\u00bb{}\u00bb][et_pb_row column_structure=\u00bb3_5,2_5&#8243; _builder_version=\u00bb4.27.4&#8243; _module_preset=\u00bbdefault\u00bb custom_margin=\u00bb-30px||10px||false|false\u00bb custom_margin_tablet=\u00bb\u00bb custom_margin_phone=\u00bb-80px||10px||false|false\u00bb custom_margin_last_edited=\u00bbon|desktop\u00bb global_colors_info=\u00bb{}\u00bb][et_pb_column type=\u00bb3_5&#8243; _builder_version=\u00bb4.27.4&#8243; _module_preset=\u00bbdefault\u00bb global_colors_info=\u00bb{}\u00bb][et_pb_text _builder_version=\u00bb4.27.4&#8243; _module_preset=\u00bbdefault\u00bb custom_margin_tablet=\u00bb\u00bb custom_margin_phone=\u00bb-25px||||false|false\u00bb custom_margin_last_edited=\u00bbon|phone\u00bb global_colors_info=\u00bb{}\u00bb]<\/p>\n<h3 data-start=\"171\" data-end=\"244\" class=\"\"><strong data-start=\"175\" data-end=\"244\">Servicio de limpieza<\/strong><\/h3>\n<p data-start=\"246\" data-end=\"557\" class=\"\">Trabajamos con <strong data-start=\"419\" data-end=\"470\">empresas de limpieza fiables y profesionales<\/strong> de Mallorca que cumplen las normas m\u00e1s estrictas de minuciosidad y discreci\u00f3n.<\/p>\n<p data-start=\"559\" data-end=\"585\" class=\"\"><strong data-start=\"559\" data-end=\"585\">Nuestro servicio incluye:<\/strong><\/p>\n<ul data-start=\"587\" data-end=\"917\">\n<li data-start=\"587\" data-end=\"657\" class=\"\">\n<p data-start=\"589\" data-end=\"657\" class=\"\">Organizaci\u00f3n y coordinaci\u00f3n de la limpieza por socios probados<\/p>\n<\/li>\n<li data-start=\"658\" data-end=\"710\" class=\"\">\n<p data-start=\"660\" data-end=\"710\" class=\"\">Limpieza final tras las estancias<\/p>\n<\/li>\n<li data-start=\"711\" data-end=\"780\" class=\"\">\n<p data-start=\"713\" data-end=\"780\" class=\"\">Limpieza intermedia durante ausencias m\u00e1s largas<\/p>\n<\/li>\n<li data-start=\"781\" data-end=\"834\" class=\"\">\n<p data-start=\"783\" data-end=\"834\" class=\"\">Limpieza de cristales, cuidado de patios y superficies exteriores<\/p>\n<\/li>\n<li data-start=\"835\" data-end=\"917\" class=\"\">\n<p data-start=\"837\" data-end=\"917\" class=\"\">Limpieza de ropa de cama, toallas y textiles (servicio de lavander\u00eda opcional)<\/p>\n<\/li>\n<\/ul>\n<p data-start=\"919\" data-end=\"1145\" class=\"\">Si lo solicitas, podemos encargarnos de <strong data-start=\"942\" data-end=\"1005\">todo el proceso y de la comunicaci\u00f3n con los proveedores de servicios<\/strong>, supervisar el trabajo realizado y asegurarnos de que tu propiedad sea siempre acogedora y est\u00e9 bien mantenida.<\/p>\n<p>[\/et_pb_text][\/et_pb_column][et_pb_column type=\u00bb2_5&#8243; _builder_version=\u00bb4.27.4&#8243; _module_preset=\u00bbdefault\u00bb global_colors_info=\u00bb{}\u00bb][et_pb_image src=\u00bbhttps:\/\/finca-service24.com\/wp-content\/uploads\/2025\/04\/Reinigungservice2.png\u00bb title_text=\u00bbServicio de limpieza2&#8243; disabled_on=\u00bboff|off|off\u00bb _builder_version=\u00bb4.27.4&#8243; _module_preset=\u00bbdefault\u00bb global_colors_info=\u00bb{}\u00bb][\/et_pb_image][\/et_pb_column][\/et_pb_row][et_pb_row _builder_version=\u00bb4.27.4&#8243; _module_preset=\u00bbdefault\u00bb global_colors_info=\u00bb{}\u00bb][et_pb_column type=\u00bb4_4&#8243; _builder_version=\u00bb4.27.4&#8243; _module_preset=\u00bbdefault\u00bb global_colors_info=\u00bb{}\u00bb][et_pb_divider _builder_version=\u00bb4.27.4&#8243; _module_preset=\u00bbdefault\u00bb global_colors_info=\u00bb{}\u00bb][\/et_pb_divider][\/et_pb_column][\/et_pb_row][\/et_pb_section][et_pb_section fb_built=\u00bb1&#8243; _builder_version=\u00bb4.27.4&#8243; _module_preset=\u00bbdefault\u00bb custom_margin=\u00bb-50px||||false|false\u00bb global_colors_info=\u00bb{}\u00bb][et_pb_row column_structure=\u00bb3_5,2_5&#8243; _builder_version=\u00bb4.27.4&#8243; _module_preset=\u00bbdefault\u00bb custom_margin=\u00bb-80px||||false|false\u00bb custom_margin_tablet=\u00bb-80px||||false|false\u00bb custom_margin_phone=\u00bb||-20px||false|false\u00bb custom_margin_last_edited=\u00bbon|phone\u00bb global_colors_info=\u00bb{}\u00bb][et_pb_column type=\u00bb3_5&#8243; _builder_version=\u00bb4.27.4&#8243; _module_preset=\u00bbdefault\u00bb global_colors_info=\u00bb{}\u00bb][et_pb_text _builder_version=\u00bb4.27.4&#8243; _module_preset=\u00bbdefault\u00bb global_colors_info=\u00bb{}\u00bb]<\/p>\n<h3 data-start=\"145\" data-end=\"207\" class=\"\"><strong data-start=\"149\" data-end=\"207\">Mantenimiento de jardines<\/strong><\/h3>\n<p data-start=\"209\" data-end=\"461\" class=\"\">Un jard\u00edn bien cuidado contribuye significativamente a mantener la belleza y el valor de tu propiedad. Si lo deseas, podemos encargarnos de la <strong data-start=\"336\" data-end=\"383\">organizaci\u00f3n y el mantenimiento de<\/strong> tu jard\u00edn en colaboraci\u00f3n con empresas especializadas de confianza y con experiencia en Mallorca. <\/p>\n<p data-start=\"463\" data-end=\"489\" class=\"\"><strong data-start=\"463\" data-end=\"489\">Nuestro servicio para ti:<\/strong><\/p>\n<ul data-start=\"491\" data-end=\"838\">\n<li data-start=\"491\" data-end=\"546\" class=\"\">\n<p data-start=\"493\" data-end=\"546\" class=\"\">Selecci\u00f3n y coordinaci\u00f3n de empresas de paisajismo experimentadas<\/p>\n<\/li>\n<li data-start=\"547\" data-end=\"622\" class=\"\">\n<p data-start=\"549\" data-end=\"622\" class=\"\">Trabajos regulares de mantenimiento: Cortar el c\u00e9sped, recortar los setos, regar, etc.<\/p>\n<\/li>\n<li data-start=\"623\" data-end=\"683\" class=\"\">\n<p data-start=\"625\" data-end=\"683\" class=\"\">Control y seguimiento de todos los trabajos realizados<\/p>\n<\/li>\n<li data-start=\"684\" data-end=\"769\" class=\"\">\n<p data-start=\"686\" data-end=\"769\" class=\"\">Comunicaci\u00f3n con los proveedores de servicios  <\/p>\n<\/li>\n<\/ul>\n<p data-start=\"840\" data-end=\"1066\" class=\"\">Gracias a nuestra <strong data-start=\"853\" data-end=\"909\">acreditada red de empresas colaboradoras cualificadas<\/strong>, podemos responder con flexibilidad a tus deseos y garantizar la m\u00e1xima calidad.<strong data-start=\"1068\" data-end=\"1135\"><\/strong><\/p>\n<p>[\/et_pb_text][\/et_pb_column][et_pb_column type=\u00bb2_5&#8243; _builder_version=\u00bb4.27.4&#8243; _module_preset=\u00bbdefault\u00bb global_colors_info=\u00bb{}\u00bb][et_pb_image src=\u00bbhttps:\/\/finca-service24.com\/wp-content\/uploads\/2025\/04\/mit-Mahlrad_12.png\u00bb title_text=\u00bbcon muela_12&#8243; disabled_on=\u00bboff|off|off\u00bb _builder_version=\u00bb4.27.4&#8243; _module_preset=\u00bbdefault\u00bb global_colors_info=\u00bb{}\u00bb][\/et_pb_image][\/et_pb_column][\/et_pb_row][et_pb_row _builder_version=\u00bb4.27.4&#8243; _module_preset=\u00bbdefault\u00bb global_colors_info=\u00bb{}\u00bb][et_pb_column type=\u00bb4_4&#8243; _builder_version=\u00bb4.27.4&#8243; _module_preset=\u00bbdefault\u00bb global_colors_info=\u00bb{}\u00bb][et_pb_divider _builder_version=\u00bb4.27.4&#8243; _module_preset=\u00bbdefault\u00bb global_colors_info=\u00bb{}\u00bb][\/et_pb_divider][\/et_pb_column][\/et_pb_row][\/et_pb_section][et_pb_section fb_built=\u00bb1&#8243; _builder_version=\u00bb4.27.4&#8243; _module_preset=\u00bbdefault\u00bb custom_margin=\u00bb-50px||||false|false\u00bb global_colors_info=\u00bb{}\u00bb][et_pb_row column_structure=\u00bb3_5,2_5&#8243; _builder_version=\u00bb4.27.4&#8243; _module_preset=\u00bbdefault\u00bb custom_margin_tablet=\u00bb\u00bb custom_margin_phone=\u00bb-80px||||false|false\u00bb custom_margin_last_edited=\u00bbon|phone\u00bb global_colors_info=\u00bb{}\u00bb][et_pb_column type=\u00bb3_5&#8243; _builder_version=\u00bb4.27.4&#8243; _module_preset=\u00bbdefault\u00bb global_colors_info=\u00bb{}\u00bb][et_pb_text _builder_version=\u00bb4.27.4&#8243; _module_preset=\u00bbdefault\u00bb global_colors_info=\u00bb{}\u00bb]<\/p>\n<h3 data-start=\"150\" data-end=\"210\" class=\"\"><strong data-start=\"154\" data-end=\"210\">Servicio t\u00e9cnico<\/strong><\/h3>\n<p data-start=\"212\" data-end=\"538\" class=\"\">Ya se trate de una peque\u00f1a reparaci\u00f3n, una urgencia o una reforma planificada: en Mallorca, es crucial tener a tu lado a profesionales de confianza. Trabajamos con <strong data-start=\"379\" data-end=\"436\">profesionales<\/strong> que trabajan con rapidez, limpieza y competencia. <\/p>\n<p data-start=\"540\" data-end=\"575\" class=\"\"><strong data-start=\"540\" data-end=\"575\">Nuestro servicio incluye:<\/strong><\/p>\n<ul data-start=\"577\" data-end=\"915\">\n<li data-start=\"577\" data-end=\"634\" class=\"\">\n<p data-start=\"579\" data-end=\"634\" class=\"\">Adquisici\u00f3n y apoyo de empresas especializadas cualificadas<\/p>\n<\/li>\n<li data-start=\"635\" data-end=\"710\" class=\"\">\n<p data-start=\"637\" data-end=\"710\" class=\"\">Organizaci\u00f3n de trabajos de reparaci\u00f3n, mantenimiento y renovaci\u00f3n<\/p>\n<\/li>\n<li data-start=\"773\" data-end=\"841\" class=\"\">\n<p data-start=\"775\" data-end=\"841\" class=\"\">Comunicaci\u00f3n con las empresas en alem\u00e1n, espa\u00f1ol o ingl\u00e9s<\/p>\n<\/li>\n<li data-start=\"842\" data-end=\"915\" class=\"\">\n<p data-start=\"844\" data-end=\"915\" class=\"\">Control del trabajo realizado e informaci\u00f3n transparente para ti<\/p>\n<\/li>\n<\/ul>\n<p data-start=\"917\" data-end=\"1094\" class=\"\">Tanto si necesitas un electricista, un fontanero, un pintor, un carpintero, un alba\u00f1il o un t\u00e9cnico de piscinas, nos aseguramos de que <strong data-start=\"1020\" data-end=\"1066\">los profesionales adecuados<\/strong> est\u00e9n en tu propiedad en <strong data-start=\"1020\" data-end=\"1066\">el momento oportuno<\/strong>.<\/p>\n<p>[\/et_pb_text][\/et_pb_column][et_pb_column type=\u00bb2_5&#8243; _builder_version=\u00bb4.27.4&#8243; _module_preset=\u00bbdefault\u00bb global_colors_info=\u00bb{}\u00bb][et_pb_image src=\u00bbhttps:\/\/finca-service24.com\/wp-content\/uploads\/2025\/04\/Handwerker1.png\u00bb title_text=\u00bbArtesano1&#8243; disabled_on=\u00bboff|off|off\u00bb _builder_version=\u00bb4.27.4&#8243; _module_preset=\u00bbdefault\u00bb global_colors_info=\u00bb{}\u00bb][\/et_pb_image][\/et_pb_column][\/et_pb_row][\/et_pb_section][et_pb_section fb_built=\u00bb1&#8243; _builder_version=\u00bb4.27.4&#8243; _module_preset=\u00bbdefault\u00bb background_image=\u00bbhttps:\/\/finca-service24.com\/wp-content\/uploads\/2023\/09\/thumb_11303_default_big.jpg\u00bb min_height=\u00bb300px\u00bb min_height_tablet=\u00bb300px\u00bb min_height_phone=\u00bb100px\u00bb min_height_last_edited=\u00bbon|phone\u00bb global_colors_info=\u00bb{}\u00bb][\/et_pb_section]<\/p>\n","protected":false},"excerpt":{"rendered":"<p>NUESTRO SERVICIOCuidado y mantenimiento de piscinas Una piscina bien cuidada es la pieza central de muchas propiedades en Mallorca, y merece un cuidado profesional regular. Nos aseguramos de que tu piscina no s\u00f3lo tenga buen aspecto, sino que tambi\u00e9n funcione perfectamente desde el punto de vista t\u00e9cnico. Nuestro servicio incluye: Limpieza regular de la piscina [&hellip;]<\/p>\n","protected":false},"author":3,"featured_media":0,"parent":0,"menu_order":0,"comment_status":"closed","ping_status":"closed","template":"","meta":{"_et_pb_use_builder":"on","_et_pb_old_content":"","_et_gb_content_width":"","footnotes":""},"class_list":["post-929","page","type-page","status-publish","hentry"],"yoast_head":"<!-- This site is optimized with the Yoast SEO plugin v27.0 - https:\/\/yoast.com\/product\/yoast-seo-wordpress\/ -->\n<title>Servicios - Finca Service 24<\/title>\n<meta name=\"robots\" content=\"index, follow, max-snippet:-1, max-image-preview:large, max-video-preview:-1\" \/>\n<link rel=\"canonical\" href=\"https:\/\/finca-service24.com\/es\/servicios\/\" \/>\n<meta property=\"og:locale\" content=\"es_ES\" \/>\n<meta property=\"og:type\" content=\"article\" \/>\n<meta property=\"og:title\" content=\"Servicios - Finca Service 24\" \/>\n<meta property=\"og:description\" content=\"NUESTRO SERVICIOCuidado y mantenimiento de piscinas Una piscina bien cuidada es la pieza central de muchas propiedades en Mallorca, y merece un cuidado profesional regular. Nos aseguramos de que tu piscina no s\u00f3lo tenga buen aspecto, sino que tambi\u00e9n funcione perfectamente desde el punto de vista t\u00e9cnico. Nuestro servicio incluye: Limpieza regular de la piscina [&hellip;]\" \/>\n<meta property=\"og:url\" content=\"https:\/\/finca-service24.com\/es\/servicios\/\" \/>\n<meta property=\"og:site_name\" content=\"Finca Service 24\" \/>\n<meta property=\"article:modified_time\" content=\"2025-09-25T12:17:06+00:00\" \/>\n<meta name=\"twitter:card\" content=\"summary_large_image\" \/>\n<meta name=\"twitter:label1\" content=\"Tiempo de lectura\" \/>\n\t<meta name=\"twitter:data1\" content=\"7 minutos\" \/>\n<script type=\"application\/ld+json\" class=\"yoast-schema-graph\">{\"@context\":\"https:\/\/schema.org\",\"@graph\":[{\"@type\":\"WebPage\",\"@id\":\"https:\/\/finca-service24.com\/es\/servicios\/\",\"url\":\"https:\/\/finca-service24.com\/es\/servicios\/\",\"name\":\"Servicios - Finca Service 24\",\"isPartOf\":{\"@id\":\"https:\/\/finca-service24.com\/es\/#website\"},\"datePublished\":\"2025-04-13T12:55:51+00:00\",\"dateModified\":\"2025-09-25T12:17:06+00:00\",\"breadcrumb\":{\"@id\":\"https:\/\/finca-service24.com\/es\/servicios\/#breadcrumb\"},\"inLanguage\":\"es\",\"potentialAction\":[{\"@type\":\"ReadAction\",\"target\":[\"https:\/\/finca-service24.com\/es\/servicios\/\"]}]},{\"@type\":\"BreadcrumbList\",\"@id\":\"https:\/\/finca-service24.com\/es\/servicios\/#breadcrumb\",\"itemListElement\":[{\"@type\":\"ListItem\",\"position\":1,\"name\":\"Startseite\",\"item\":\"https:\/\/finca-service24.com\/es\/finca-service-24-mallorca\/\"},{\"@type\":\"ListItem\",\"position\":2,\"name\":\"Servicios\"}]},{\"@type\":\"WebSite\",\"@id\":\"https:\/\/finca-service24.com\/es\/#website\",\"url\":\"https:\/\/finca-service24.com\/es\/\",\"name\":\"Finca Service 24\",\"description\":\"Mallorca Finca Service\",\"potentialAction\":[{\"@type\":\"SearchAction\",\"target\":{\"@type\":\"EntryPoint\",\"urlTemplate\":\"https:\/\/finca-service24.com\/es\/?s={search_term_string}\"},\"query-input\":{\"@type\":\"PropertyValueSpecification\",\"valueRequired\":true,\"valueName\":\"search_term_string\"}}],\"inLanguage\":\"es\"}]}<\/script>\n<!-- \/ Yoast SEO plugin. -->","yoast_head_json":{"title":"Servicios - Finca Service 24","robots":{"index":"index","follow":"follow","max-snippet":"max-snippet:-1","max-image-preview":"max-image-preview:large","max-video-preview":"max-video-preview:-1"},"canonical":"https:\/\/finca-service24.com\/es\/servicios\/","og_locale":"es_ES","og_type":"article","og_title":"Servicios - Finca Service 24","og_description":"NUESTRO SERVICIOCuidado y mantenimiento de piscinas Una piscina bien cuidada es la pieza central de muchas propiedades en Mallorca, y merece un cuidado profesional regular. Nos aseguramos de que tu piscina no s\u00f3lo tenga buen aspecto, sino que tambi\u00e9n funcione perfectamente desde el punto de vista t\u00e9cnico. Nuestro servicio incluye: Limpieza regular de la piscina [&hellip;]","og_url":"https:\/\/finca-service24.com\/es\/servicios\/","og_site_name":"Finca Service 24","article_modified_time":"2025-09-25T12:17:06+00:00","twitter_card":"summary_large_image","twitter_misc":{"Tiempo de lectura":"7 minutos"},"schema":{"@context":"https:\/\/schema.org","@graph":[{"@type":"WebPage","@id":"https:\/\/finca-service24.com\/es\/servicios\/","url":"https:\/\/finca-service24.com\/es\/servicios\/","name":"Servicios - Finca Service 24","isPartOf":{"@id":"https:\/\/finca-service24.com\/es\/#website"},"datePublished":"2025-04-13T12:55:51+00:00","dateModified":"2025-09-25T12:17:06+00:00","breadcrumb":{"@id":"https:\/\/finca-service24.com\/es\/servicios\/#breadcrumb"},"inLanguage":"es","potentialAction":[{"@type":"ReadAction","target":["https:\/\/finca-service24.com\/es\/servicios\/"]}]},{"@type":"BreadcrumbList","@id":"https:\/\/finca-service24.com\/es\/servicios\/#breadcrumb","itemListElement":[{"@type":"ListItem","position":1,"name":"Startseite","item":"https:\/\/finca-service24.com\/es\/finca-service-24-mallorca\/"},{"@type":"ListItem","position":2,"name":"Servicios"}]},{"@type":"WebSite","@id":"https:\/\/finca-service24.com\/es\/#website","url":"https:\/\/finca-service24.com\/es\/","name":"Finca Service 24","description":"Mallorca Finca Service","potentialAction":[{"@type":"SearchAction","target":{"@type":"EntryPoint","urlTemplate":"https:\/\/finca-service24.com\/es\/?s={search_term_string}"},"query-input":{"@type":"PropertyValueSpecification","valueRequired":true,"valueName":"search_term_string"}}],"inLanguage":"es"}]}},"_links":{"self":[{"href":"https:\/\/finca-service24.com\/es\/wp-json\/wp\/v2\/pages\/929","targetHints":{"allow":["GET"]}}],"collection":[{"href":"https:\/\/finca-service24.com\/es\/wp-json\/wp\/v2\/pages"}],"about":[{"href":"https:\/\/finca-service24.com\/es\/wp-json\/wp\/v2\/types\/page"}],"author":[{"embeddable":true,"href":"https:\/\/finca-service24.com\/es\/wp-json\/wp\/v2\/users\/3"}],"replies":[{"embeddable":true,"href":"https:\/\/finca-service24.com\/es\/wp-json\/wp\/v2\/comments?post=929"}],"version-history":[{"count":10,"href":"https:\/\/finca-service24.com\/es\/wp-json\/wp\/v2\/pages\/929\/revisions"}],"predecessor-version":[{"id":1334,"href":"https:\/\/finca-service24.com\/es\/wp-json\/wp\/v2\/pages\/929\/revisions\/1334"}],"wp:attachment":[{"href":"https:\/\/finca-service24.com\/es\/wp-json\/wp\/v2\/media?parent=929"}],"curies":[{"name":"wp","href":"https:\/\/api.w.org\/{rel}","templated":true}]}}