{"id":984,"date":"2023-09-13T11:40:59","date_gmt":"2023-09-13T09:40:59","guid":{"rendered":"https:\/\/finca-service24.com\/sobre-nosotros-finca-service-24-mallorca\/"},"modified":"2025-04-17T12:00:09","modified_gmt":"2025-04-17T10:00:09","slug":"sobre-nosotros-finca-service-24-mallorca","status":"publish","type":"page","link":"https:\/\/finca-service24.com\/es\/sobre-nosotros-finca-service-24-mallorca\/","title":{"rendered":"Sobre nosotros | Finca Service 24 Mallorca"},"content":{"rendered":"<p>[et_pb_section fb_built=\u00bb1&#8243; _builder_version=\u00bb4.27.4&#8243; _module_preset=\u00bbdefault\u00bb background_image=\u00bbhttps:\/\/finca-service24.com\/wp-content\/uploads\/2025\/04\/Headline_2.png\u00bb height=\u00bb400px\u00bb height_tablet=\u00bb220px\u00bb height_phone=\u00bb250px\u00bb height_last_edited=\u00bbon|phone\u00bb global_colors_info=\u00bb{}\u00bb][et_pb_row column_structure=\u00bb1_2,1_2&#8243; _builder_version=\u00bb4.27.4&#8243; _module_preset=\u00bbdefault\u00bb global_colors_info=\u00bb{}\u00bb][et_pb_column type=\u00bb1_2&#8243; _builder_version=\u00bb4.27.4&#8243; _module_preset=\u00bbdefault\u00bb global_colors_info=\u00bb{}\u00bb][et_pb_text _builder_version=\u00bb4.27.4&#8243; _module_preset=\u00bbdefault\u00bb text_font=\u00bb|700|||||||\u00bb text_text_color=\u00bb#FFFFFF\u00bb text_font_size=\u00bb27px\u00bb background_color=\u00bb#5C7268&#8243; custom_margin=\u00bb293px|197px||0px|false|false\u00bb custom_margin_tablet=\u00bb117px|190px||190px|false|false\u00bb custom_margin_phone=\u00bb145px|80px|0px|80px|false|false\u00bb custom_margin_last_edited=\u00bbon|tablet\u00bb custom_padding=\u00bb14px||12px||false|false\u00bb text_font_size_tablet=\u00bb27px\u00bb text_font_size_phone=\u00bb17px\u00bb text_font_size_last_edited=\u00bbon|phone\u00bb border_radii=\u00bbon|15px|15px|15px|15px\u00bb global_colors_info=\u00bb{}\u00bb]<\/p>\n<p style=\"text-align: center;\"><strong>SOBRE NOSOTROS<\/strong><\/p>\n<p>[\/et_pb_text][\/et_pb_column][et_pb_column type=\u00bb1_2&#8243; _builder_version=\u00bb4.27.4&#8243; _module_preset=\u00bbdefault\u00bb global_colors_info=\u00bb{}\u00bb][\/et_pb_column][\/et_pb_row][\/et_pb_section][et_pb_section fb_built=\u00bb1&#8243; custom_padding_last_edited=\u00bbon|phone\u00bb _builder_version=\u00bb4.27.4&#8243; _module_preset=\u00bbdefault\u00bb custom_margin_tablet=\u00bb\u00bb custom_margin_phone=\u00bb||-100px||false|false\u00bb custom_margin_last_edited=\u00bbon|phone\u00bb custom_padding_tablet=\u00bb\u00bb custom_padding_phone=\u00bb||0px||false|false\u00bb global_colors_info=\u00bb{}\u00bb][et_pb_row column_structure=\u00bb1_2,1_2&#8243; _builder_version=\u00bb4.22.1&#8243; _module_preset=\u00bbdefault\u00bb global_colors_info=\u00bb{}\u00bb][et_pb_column type=\u00bb1_2&#8243; _builder_version=\u00bb4.22.1&#8243; _module_preset=\u00bbdefault\u00bb global_colors_info=\u00bb{}\u00bb][et_pb_text _builder_version=\u00bb4.27.4&#8243; _module_preset=\u00bbdefault\u00bb custom_padding=\u00bb||0px|||\u00bb global_colors_info=\u00bb{}\u00bb]<\/p>\n<h1 id=\"uber-uns-2\" class=\"wp-block-heading\">Finca Service 24<\/h1>\n<p class=\"\" data-start=\"237\" data-end=\"512\">Llevamos m\u00e1s de 20 a\u00f1os trabajando en Mallorca, y sabemos exactamente lo que es importante a la hora de cuidar una propiedad. Como socio local de confianza, te ofrecemos un servicio integral de finca.<\/p>\n<p class=\"\" data-start=\"514\" data-end=\"860\">\u00bfQu\u00e9 nos diferencia?<br data-start=\"534\" data-end=\"537\"><strong data-start=\"537\" data-end=\"587\">Experiencia, confianza y una red s\u00f3lida.<\/strong>  A lo largo de los a\u00f1os, hemos establecido estrechos contactos con artesanos, proveedores de servicios y suministradores de confianza de la isla. Esto nos permite ofrecerte soluciones r\u00e1pidas y de alta calidad, ya se trate de mantenimiento, reparaciones, cuidado del jard\u00edn o peticiones especiales.<\/p>\n<p class=\"\" data-start=\"862\" data-end=\"1142\">Cada propiedad es \u00fanica y requiere <strong data-start=\"959\" data-end=\"1010\">un apoyo individual<\/strong>, adaptado a tus deseos y necesidades. La discreci\u00f3n, la fiabilidad y la comunicaci\u00f3n abierta son algo natural para nosotros.<\/p>\n<p class=\"\" data-start=\"1144\" data-end=\"1266\"><strong data-start=\"1144\" data-end=\"1266\">Tu casa en Mallorca est\u00e1 en las mejores manos con nosotros, para que disfrutes de tu estancia en la isla sin preocupaciones.<\/strong><\/p>\n<p>[\/et_pb_text][et_pb_button button_url=\u00bbhttps:\/\/finca-service24.com\/es\/servicios\/\u00bb button_text=\u00bbM\u00e1s informaci\u00f3n\u00bb _builder_version=\u00bb4.27.4&#8243; _module_preset=\u00bbdefault\u00bb custom_button=\u00bbon\u00bb button_text_color=\u00bb#FFFFFF\u00bb button_bg_color=\u00bb#5C7268&#8243; button_border_radius=\u00bb10px\u00bb button_font=\u00bbArial||||||||\u00bb button_use_icon=\u00bboff\u00bb global_colors_info=\u00bb{}\u00bb][\/et_pb_button][\/et_pb_column][et_pb_column type=\u00bb1_2&#8243; _builder_version=\u00bb4.22.1&#8243; _module_preset=\u00bbdefault\u00bb global_colors_info=\u00bb{}\u00bb][et_pb_divider show_divider=\u00bboff\u00bb _builder_version=\u00bb4.27.4&#8243; _module_preset=\u00bbdefault\u00bb height=\u00bb100px\u00bb global_colors_info=\u00bb{}\u00bb][\/et_pb_divider][et_pb_image src=\u00bbhttps:\/\/finca-service24.com\/wp-content\/uploads\/2025\/04\/chillounge.png\u00bb alt=\u00bbFincaservice Mallorca\u00bb title_text=\u00bbchillounge\u00bb align=\u00bbright\u00bb disabled_on=\u00bbon|off|off\u00bb admin_label=\u00bbBild\u00bb _builder_version=\u00bb4.27.4&#8243; _module_preset=\u00bbdefault\u00bb border_radii=\u00bbon|20px|20px|20px|20px\u00bb box_shadow_style=\u00bbpreset1&#8243; global_colors_info=\u00bb{}\u00bb][\/et_pb_image][\/et_pb_column][\/et_pb_row][\/et_pb_section][et_pb_section fb_built=\u00bb1&#8243; custom_padding_last_edited=\u00bbon|phone\u00bb module_class=\u00bb.inline-buttons\u00bb _builder_version=\u00bb4.27.4&#8243; _module_preset=\u00bbdefault\u00bb background_image=\u00bbhttps:\/\/finca-service24.com\/wp-content\/uploads\/2023\/09\/thumb_11303_default_big.jpg\u00bb min_height=\u00bb300px\u00bb min_height_tablet=\u00bb300px\u00bb min_height_phone=\u00bb100px\u00bb min_height_last_edited=\u00bbon|phone\u00bb custom_margin_tablet=\u00bb\u00bb custom_margin_phone=\u00bb0px||0px||false|false\u00bb custom_margin_last_edited=\u00bbon|phone\u00bb custom_padding_tablet=\u00bb\u00bb custom_padding_phone=\u00bb0px||0px||false|false\u00bb hover_enabled=\u00bb0&#8243; global_colors_info=\u00bb{}\u00bb sticky_enabled=\u00bb0&#8243;][\/et_pb_section]<\/p>\n","protected":false},"excerpt":{"rendered":"<p>SOBRE NOSOTROSFinca Service 24 Llevamos m\u00e1s de 20 a\u00f1os trabajando en Mallorca, y sabemos exactamente lo que es importante a la hora de cuidar una propiedad. Como socio local de confianza, te ofrecemos un servicio integral de finca. \u00bfQu\u00e9 nos diferencia?Experiencia, confianza y una red s\u00f3lida. A lo largo de los a\u00f1os, hemos establecido estrechos [&hellip;]<\/p>\n","protected":false},"author":1,"featured_media":0,"parent":0,"menu_order":0,"comment_status":"closed","ping_status":"closed","template":"","meta":{"_et_pb_use_builder":"on","_et_pb_old_content":"","_et_gb_content_width":"","footnotes":""},"class_list":["post-984","page","type-page","status-publish","hentry"],"yoast_head":"<!-- This site is optimized with the Yoast SEO plugin v27.0 - https:\/\/yoast.com\/product\/yoast-seo-wordpress\/ -->\n<title>Sobre nosotros | Finca Service 24 Mallorca - Finca Service 24<\/title>\n<meta name=\"robots\" content=\"index, follow, max-snippet:-1, max-image-preview:large, max-video-preview:-1\" \/>\n<link rel=\"canonical\" href=\"https:\/\/finca-service24.com\/es\/sobre-nosotros-finca-service-24-mallorca\/\" \/>\n<meta property=\"og:locale\" content=\"es_ES\" \/>\n<meta property=\"og:type\" content=\"article\" \/>\n<meta property=\"og:title\" content=\"Sobre nosotros | Finca Service 24 Mallorca - Finca Service 24\" \/>\n<meta property=\"og:description\" content=\"SOBRE NOSOTROSFinca Service 24 Llevamos m\u00e1s de 20 a\u00f1os trabajando en Mallorca, y sabemos exactamente lo que es importante a la hora de cuidar una propiedad. Como socio local de confianza, te ofrecemos un servicio integral de finca. \u00bfQu\u00e9 nos diferencia?Experiencia, confianza y una red s\u00f3lida. A lo largo de los a\u00f1os, hemos establecido estrechos [&hellip;]\" \/>\n<meta property=\"og:url\" content=\"https:\/\/finca-service24.com\/es\/sobre-nosotros-finca-service-24-mallorca\/\" \/>\n<meta property=\"og:site_name\" content=\"Finca Service 24\" \/>\n<meta property=\"article:modified_time\" content=\"2025-04-17T10:00:09+00:00\" \/>\n<meta name=\"twitter:card\" content=\"summary_large_image\" \/>\n<meta name=\"twitter:label1\" content=\"Tiempo de lectura\" \/>\n\t<meta name=\"twitter:data1\" content=\"3 minutos\" \/>\n<script type=\"application\/ld+json\" class=\"yoast-schema-graph\">{\"@context\":\"https:\/\/schema.org\",\"@graph\":[{\"@type\":\"WebPage\",\"@id\":\"https:\/\/finca-service24.com\/es\/sobre-nosotros-finca-service-24-mallorca\/\",\"url\":\"https:\/\/finca-service24.com\/es\/sobre-nosotros-finca-service-24-mallorca\/\",\"name\":\"Sobre nosotros | Finca Service 24 Mallorca - Finca Service 24\",\"isPartOf\":{\"@id\":\"https:\/\/finca-service24.com\/es\/#website\"},\"datePublished\":\"2023-09-13T09:40:59+00:00\",\"dateModified\":\"2025-04-17T10:00:09+00:00\",\"breadcrumb\":{\"@id\":\"https:\/\/finca-service24.com\/es\/sobre-nosotros-finca-service-24-mallorca\/#breadcrumb\"},\"inLanguage\":\"es\",\"potentialAction\":[{\"@type\":\"ReadAction\",\"target\":[\"https:\/\/finca-service24.com\/es\/sobre-nosotros-finca-service-24-mallorca\/\"]}]},{\"@type\":\"BreadcrumbList\",\"@id\":\"https:\/\/finca-service24.com\/es\/sobre-nosotros-finca-service-24-mallorca\/#breadcrumb\",\"itemListElement\":[{\"@type\":\"ListItem\",\"position\":1,\"name\":\"Startseite\",\"item\":\"https:\/\/finca-service24.com\/es\/finca-service-24-mallorca\/\"},{\"@type\":\"ListItem\",\"position\":2,\"name\":\"Sobre nosotros | Finca Service 24 Mallorca\"}]},{\"@type\":\"WebSite\",\"@id\":\"https:\/\/finca-service24.com\/es\/#website\",\"url\":\"https:\/\/finca-service24.com\/es\/\",\"name\":\"Finca Service 24\",\"description\":\"Mallorca Finca Service\",\"potentialAction\":[{\"@type\":\"SearchAction\",\"target\":{\"@type\":\"EntryPoint\",\"urlTemplate\":\"https:\/\/finca-service24.com\/es\/?s={search_term_string}\"},\"query-input\":{\"@type\":\"PropertyValueSpecification\",\"valueRequired\":true,\"valueName\":\"search_term_string\"}}],\"inLanguage\":\"es\"}]}<\/script>\n<!-- \/ Yoast SEO plugin. -->","yoast_head_json":{"title":"Sobre nosotros | Finca Service 24 Mallorca - Finca Service 24","robots":{"index":"index","follow":"follow","max-snippet":"max-snippet:-1","max-image-preview":"max-image-preview:large","max-video-preview":"max-video-preview:-1"},"canonical":"https:\/\/finca-service24.com\/es\/sobre-nosotros-finca-service-24-mallorca\/","og_locale":"es_ES","og_type":"article","og_title":"Sobre nosotros | Finca Service 24 Mallorca - Finca Service 24","og_description":"SOBRE NOSOTROSFinca Service 24 Llevamos m\u00e1s de 20 a\u00f1os trabajando en Mallorca, y sabemos exactamente lo que es importante a la hora de cuidar una propiedad. Como socio local de confianza, te ofrecemos un servicio integral de finca. \u00bfQu\u00e9 nos diferencia?Experiencia, confianza y una red s\u00f3lida. A lo largo de los a\u00f1os, hemos establecido estrechos [&hellip;]","og_url":"https:\/\/finca-service24.com\/es\/sobre-nosotros-finca-service-24-mallorca\/","og_site_name":"Finca Service 24","article_modified_time":"2025-04-17T10:00:09+00:00","twitter_card":"summary_large_image","twitter_misc":{"Tiempo de lectura":"3 minutos"},"schema":{"@context":"https:\/\/schema.org","@graph":[{"@type":"WebPage","@id":"https:\/\/finca-service24.com\/es\/sobre-nosotros-finca-service-24-mallorca\/","url":"https:\/\/finca-service24.com\/es\/sobre-nosotros-finca-service-24-mallorca\/","name":"Sobre nosotros | Finca Service 24 Mallorca - Finca Service 24","isPartOf":{"@id":"https:\/\/finca-service24.com\/es\/#website"},"datePublished":"2023-09-13T09:40:59+00:00","dateModified":"2025-04-17T10:00:09+00:00","breadcrumb":{"@id":"https:\/\/finca-service24.com\/es\/sobre-nosotros-finca-service-24-mallorca\/#breadcrumb"},"inLanguage":"es","potentialAction":[{"@type":"ReadAction","target":["https:\/\/finca-service24.com\/es\/sobre-nosotros-finca-service-24-mallorca\/"]}]},{"@type":"BreadcrumbList","@id":"https:\/\/finca-service24.com\/es\/sobre-nosotros-finca-service-24-mallorca\/#breadcrumb","itemListElement":[{"@type":"ListItem","position":1,"name":"Startseite","item":"https:\/\/finca-service24.com\/es\/finca-service-24-mallorca\/"},{"@type":"ListItem","position":2,"name":"Sobre nosotros | Finca Service 24 Mallorca"}]},{"@type":"WebSite","@id":"https:\/\/finca-service24.com\/es\/#website","url":"https:\/\/finca-service24.com\/es\/","name":"Finca Service 24","description":"Mallorca Finca Service","potentialAction":[{"@type":"SearchAction","target":{"@type":"EntryPoint","urlTemplate":"https:\/\/finca-service24.com\/es\/?s={search_term_string}"},"query-input":{"@type":"PropertyValueSpecification","valueRequired":true,"valueName":"search_term_string"}}],"inLanguage":"es"}]}},"_links":{"self":[{"href":"https:\/\/finca-service24.com\/es\/wp-json\/wp\/v2\/pages\/984","targetHints":{"allow":["GET"]}}],"collection":[{"href":"https:\/\/finca-service24.com\/es\/wp-json\/wp\/v2\/pages"}],"about":[{"href":"https:\/\/finca-service24.com\/es\/wp-json\/wp\/v2\/types\/page"}],"author":[{"embeddable":true,"href":"https:\/\/finca-service24.com\/es\/wp-json\/wp\/v2\/users\/1"}],"replies":[{"embeddable":true,"href":"https:\/\/finca-service24.com\/es\/wp-json\/wp\/v2\/comments?post=984"}],"version-history":[{"count":42,"href":"https:\/\/finca-service24.com\/es\/wp-json\/wp\/v2\/pages\/984\/revisions"}],"predecessor-version":[{"id":1247,"href":"https:\/\/finca-service24.com\/es\/wp-json\/wp\/v2\/pages\/984\/revisions\/1247"}],"wp:attachment":[{"href":"https:\/\/finca-service24.com\/es\/wp-json\/wp\/v2\/media?parent=984"}],"curies":[{"name":"wp","href":"https:\/\/api.w.org\/{rel}","templated":true}]}}